{"id":2558,"date":"2023-02-06T17:54:00","date_gmt":"2023-02-06T17:54:00","guid":{"rendered":"https:\/\/bicixarxa.org\/?page_id=2558"},"modified":"2023-03-01T11:22:11","modified_gmt":"2023-03-01T11:22:11","slug":"recomanacions-gastronomiques","status":"publish","type":"page","link":"https:\/\/bicixarxa.org\/?page_id=2558&lang=ca","title":{"rendered":"Recomanacions gastron\u00f2miques"},"content":{"rendered":"\n<p><strong>FRAN\u00c7A<\/strong><\/p>\n\n\n\n<ul class=\"wp-block-list\">\n<li>Tielle au poulpe (S\u00e8te) &#8211; Coca de pop<\/li>\n\n\n\n<li>Oreillettes proven\u00e7ales <\/li>\n<\/ul>\n\n\n\n<p><\/p>\n\n\n\n<p><strong>IT\u00c0LIA<\/strong><\/p>\n\n\n\n<ul class=\"wp-block-list\">\n<li>Focaccia (f\u00fcgassa) ligure <\/li>\n<\/ul>\n\n\n\n<p><\/p>\n\n\n\n<p><strong>CRO\u00c0CIA<\/strong><\/p>\n\n\n\n<ul class=\"wp-block-list\">\n<li>Zagorski \u0161trukli<\/li>\n<\/ul>\n\n\n\n<p><\/p>\n\n\n\n<p><strong>BALCANS<\/strong><\/p>\n\n\n\n<ul class=\"wp-block-list\">\n<li>Burek o B\u00f6rek<\/li>\n<\/ul>\n","protected":false},"excerpt":{"rendered":"<p>FRAN\u00c7A IT\u00c0LIA CRO\u00c0CIA BALCANS<\/p>\n","protected":false},"author":1,"featured_media":0,"parent":0,"menu_order":0,"comment_status":"closed","ping_status":"closed","template":"","meta":{"footnotes":""},"class_list":["post-2558","page","type-page","status-publish","hentry","entry entry-center"],"aioseo_notices":[],"_links":{"self":[{"href":"https:\/\/bicixarxa.org\/index.php?rest_route=\/wp\/v2\/pages\/2558","targetHints":{"allow":["GET"]}}],"collection":[{"href":"https:\/\/bicixarxa.org\/index.php?rest_route=\/wp\/v2\/pages"}],"about":[{"href":"https:\/\/bicixarxa.org\/index.php?rest_route=\/wp\/v2\/types\/page"}],"author":[{"embeddable":true,"href":"https:\/\/bicixarxa.org\/index.php?rest_route=\/wp\/v2\/users\/1"}],"replies":[{"embeddable":true,"href":"https:\/\/bicixarxa.org\/index.php?rest_route=%2Fwp%2Fv2%2Fcomments&post=2558"}],"version-history":[{"count":3,"href":"https:\/\/bicixarxa.org\/index.php?rest_route=\/wp\/v2\/pages\/2558\/revisions"}],"predecessor-version":[{"id":4243,"href":"https:\/\/bicixarxa.org\/index.php?rest_route=\/wp\/v2\/pages\/2558\/revisions\/4243"}],"wp:attachment":[{"href":"https:\/\/bicixarxa.org\/index.php?rest_route=%2Fwp%2Fv2%2Fmedia&parent=2558"}],"curies":[{"name":"wp","href":"https:\/\/api.w.org\/{rel}","templated":true}]}}