{"id":264,"date":"2022-02-15T22:30:19","date_gmt":"2022-02-15T22:30:19","guid":{"rendered":"https:\/\/bicixarxa.org\/?page_id=264"},"modified":"2022-12-18T23:01:21","modified_gmt":"2022-12-18T23:01:21","slug":"quien-soy","status":"publish","type":"page","link":"https:\/\/bicixarxa.org\/?page_id=264&lang=es","title":{"rendered":"Qui\u00e9n soy"},"content":{"rendered":"\t\t<div data-elementor-type=\"wp-page\" data-elementor-id=\"264\" class=\"elementor elementor-264\">\n\t\t\t\t\t\t<section class=\"elementor-section elementor-top-section elementor-element elementor-element-334eb225 elementor-section-boxed elementor-section-height-default elementor-section-height-default\" data-id=\"334eb225\" data-element_type=\"section\" data-e-type=\"section\">\n\t\t\t\t\t\t<div class=\"elementor-container elementor-column-gap-default\">\n\t\t\t\t\t<div class=\"elementor-column elementor-col-100 elementor-top-column elementor-element elementor-element-131c07ff\" data-id=\"131c07ff\" data-element_type=\"column\" data-e-type=\"column\">\n\t\t\t<div class=\"elementor-widget-wrap elementor-element-populated\">\n\t\t\t\t\t\t<div class=\"elementor-element elementor-element-162a5d10 elementor-widget elementor-widget-text-editor\" data-id=\"162a5d10\" data-element_type=\"widget\" data-e-type=\"widget\" data-widget_type=\"text-editor.default\">\n\t\t\t\t<div class=\"elementor-widget-container\">\n\t\t\t\t\t\t\t\t\t<p><\/p>\n<p><span style=\"color: #000000; font-family: Georgia, sans-serif; font-size: 18px; font-style: normal; font-weight: 400; text-align: justify;\">Buenas!&nbsp;<\/span><\/p>\n<p><span style=\"color: #000000; font-family: Georgia, sans-serif; font-size: 18px; font-style: normal; font-weight: 400; text-align: justify;\">Me llamo Hern\u00e1n, soy de Sabadell, cerca de Barcelona, y tengo 25 a\u00f1os. He estado unos a\u00f1os estudiando en el extranjero en Francia, Alemania y Suiza y hace pocos meses volv\u00ed a casa para preparar un viaje de un a\u00f1o en bicicleta hacia Asia. Esta idea naci\u00f3 gracias a \u00c0lex, un muy buen amigo m\u00edo tambi\u00e9n de Sabadell que me propuso har\u00e1 ya unos a\u00f1os emprender un viaje hacia oriente con el objetivo de conocer otras culturas y formas de vida y construir as\u00ed puentes entre ellas. Yo siempre hab\u00eda querido conocer los pa\u00edses que conforman la ruta de la seda, en especial Turqu\u00eda, Ir\u00e1n, Uzbekist\u00e1n o Kirguizist\u00e1n entre otros, pero no se me hab\u00eda ocurrido hacerlo en bicicleta y cuando me lo coment\u00f3 se abri\u00f3 un nuevo mundo delante m\u00edo y decid\u00ed que lo har\u00eda! La idea era hacerlo juntos empezando a principios de 2023, pero por una serie de motivos no ha sido posible. A\u00fan y as\u00ed, me har\u00eda mucha ilusi\u00f3n si \u00c0lex se pudiera unir en alg\u00fan momento del viaje o compartir algunos kil\u00f3metros juntos como ya hicimos por Suiza durante unos d\u00edas. En relaci\u00f3n al viaje, la \u00fanica condici\u00f3n que nos pusimos fue que nuestro medio de transporte ser\u00eda una bicicleta y nuestro combustible nuestras piernas. Y la cosa sigue igual. Tengo intenci\u00f3n de hacer todo lo que pueda en bicicleta y demostrar que es un medio de transporte perfectamente v\u00e1lido para viajar y que te permite conectar mucho m\u00e1s con la gente y con el entorno de los lugares all\u00e1 por donde pasas.<\/span><\/p>\n<p><span style=\"color: #000000;\">Me mueven las lenguas, la antropolog\u00eda y la m\u00fasica y me apasiona la geograf\u00eda y la gastronom\u00eda, as\u00ed que este proyecto es una forma de aunar todos estos mundos en un mismo proyecto personal que de entrada hago para m\u00ed pero que tambi\u00e9n quiero compartir de forma altruista con aquellas personas que puedan estar interesadas. Por eso surgi\u00f3 tambi\u00e9n la idea del blog. Por un lado, quiero huir de la inmediatez de las redes sociales, en especial Instagram, y tener que compartir cosas regularmente. Tambi\u00e9n he descartado YouTube por las mismas razones y porque supone mucha faena y tener que cargar con muchos m\u00e1s aparatos electr\u00f3nicos de los que realmente necesito. Por otro lado, me encanta sentarme y escribir lo que pienso y sobre como me siento, sobre todo si dispongo de tiempo y no tengo otras obligaciones. Por ese motivo decid\u00ed que lo que ten\u00eda m\u00e1s sentido para m\u00ed era escribir un blog donde poder plasmar mis vivencias y emociones de una forma m\u00e1s detallada y estructurada. Para poder as\u00ed compartir mis reflexiones sobre lo que vaya viviendo sin la presi\u00f3n de las redes sociales.<\/span><\/p>\n<p><span style=\"color: #000000;\">Tambi\u00e9n decid\u00ed el blog porque me gustar\u00eda continuar construyendo puentes en otros rincones del mundo como Am\u00e9rica o incluso \u00c1frica, ya sea en bicicleta o por otros medios. Pero lo considero un proyecto muy abierto y de vida que ya veremos c\u00f3mo va cristalizando. Por ahora, tengo muchas ganas de empezar esta aventura y cabe decir que el hecho de tener algunos referentes ha hecho las cosas m\u00e1s f\u00e1ciles para poder concebir un proyecto como \u00e9ste. Es cierto que hoy en d\u00eda cualquier persona puede ver un v\u00eddeo en YouTube o una pel\u00edcula en Netflix sobre alg\u00fan cicloviajero (probablemente alem\u00e1n) y que le sirva como motivaci\u00f3n. Pero es cierto tambi\u00e9n que nuestras realidades son muy diferentes y que tener alg\u00fan referente m\u00e1s cercano y con el que poder sentirte m\u00e1s identificado ayuda todav\u00eda m\u00e1s. Y es por eso que el caso de Raimon tuvo una importancia capital al principio de todo esto. \u00c9l ha recorrido el mundo y es una persona cercana que comparte sus experiencias de forma desinteresada en su web&nbsp;<\/span><a style=\"font-family: Georgia, sans-serif; font-size: 18px; font-style: normal; font-weight: 400; background-color: #ffffff;\" href=\"https:\/\/www.bicicletaimanta.cat\/\">bicicletaimanta.cat<\/a><span style=\"color: #000000; font-family: Georgia, sans-serif; font-size: 18px; font-style: normal; font-weight: 400;\">&nbsp;que os recomiendo encarecidamente. Posteriormente, otros viajeros me han seguido inspirando en la misma direcci\u00f3n y en el apartado <a href=\"https:\/\/bicixarxa.org\/?page_id=359&amp;lang=es\">Otras Webs<\/a> lo explico con m\u00e1s detalle para aquellos que quieran tener alguna referencia m\u00e1s. Animaos sin miedo a hacer realidad los proyectos que os inspiran y motivan que solo tenemos una vida y hay que disfrutarla y aprovecharla al m\u00e1ximo!<\/span><\/p>\n<p><span style=\"color: #000000;\">Nada m\u00e1s, dar las gracias a todos aquellos que me han apoyado y se han interesado por el viaje, especialmente a mis padres, amigos y a Ari. Gracias por estar siempre a mi lado y anim\u00e1ndome a seguir adelante!<\/span><\/p>\n<p><\/p>\t\t\t\t\t\t\t\t<\/div>\n\t\t\t\t<\/div>\n\t\t\t\t\t<\/div>\n\t\t<\/div>\n\t\t\t\t\t<\/div>\n\t\t<\/section>\n\t\t\t\t<\/div>\n\t\t","protected":false},"excerpt":{"rendered":"<p>Buenas!&nbsp; Me llamo Hern\u00e1n, soy de Sabadell, cerca de Barcelona, y tengo 25 a\u00f1os. He estado unos a\u00f1os estudiando en el extranjero en Francia, Alemania y Suiza y hace pocos meses volv\u00ed a casa para preparar un viaje de un a\u00f1o en bicicleta hacia Asia. Esta idea naci\u00f3 gracias a \u00c0lex, un muy buen amigo &hellip;<\/p>\n","protected":false},"author":1,"featured_media":0,"parent":0,"menu_order":0,"comment_status":"closed","ping_status":"closed","template":"","meta":{"footnotes":""},"class_list":["post-264","page","type-page","status-publish","hentry","entry entry-center"],"aioseo_notices":[],"_links":{"self":[{"href":"https:\/\/bicixarxa.org\/index.php?rest_route=\/wp\/v2\/pages\/264","targetHints":{"allow":["GET"]}}],"collection":[{"href":"https:\/\/bicixarxa.org\/index.php?rest_route=\/wp\/v2\/pages"}],"about":[{"href":"https:\/\/bicixarxa.org\/index.php?rest_route=\/wp\/v2\/types\/page"}],"author":[{"embeddable":true,"href":"https:\/\/bicixarxa.org\/index.php?rest_route=\/wp\/v2\/users\/1"}],"replies":[{"embeddable":true,"href":"https:\/\/bicixarxa.org\/index.php?rest_route=%2Fwp%2Fv2%2Fcomments&post=264"}],"version-history":[{"count":59,"href":"https:\/\/bicixarxa.org\/index.php?rest_route=\/wp\/v2\/pages\/264\/revisions"}],"predecessor-version":[{"id":1009,"href":"https:\/\/bicixarxa.org\/index.php?rest_route=\/wp\/v2\/pages\/264\/revisions\/1009"}],"wp:attachment":[{"href":"https:\/\/bicixarxa.org\/index.php?rest_route=%2Fwp%2Fv2%2Fmedia&parent=264"}],"curies":[{"name":"wp","href":"https:\/\/api.w.org\/{rel}","templated":true}]}}