{"id":86,"date":"2022-02-09T10:04:37","date_gmt":"2022-02-09T10:04:37","guid":{"rendered":"https:\/\/bicixarxa.org\/?page_id=86"},"modified":"2022-12-18T23:02:46","modified_gmt":"2022-12-18T23:02:46","slug":"qui-soc","status":"publish","type":"page","link":"https:\/\/bicixarxa.org\/?page_id=86&lang=ca","title":{"rendered":"Qui s\u00f3c"},"content":{"rendered":"\t\t<div data-elementor-type=\"wp-page\" data-elementor-id=\"86\" class=\"elementor elementor-86\">\n\t\t\t\t\t\t<section class=\"elementor-section elementor-top-section elementor-element elementor-element-4cec7a87 elementor-section-boxed elementor-section-height-default elementor-section-height-default\" data-id=\"4cec7a87\" data-element_type=\"section\" data-e-type=\"section\">\n\t\t\t\t\t\t<div class=\"elementor-container elementor-column-gap-default\">\n\t\t\t\t\t<div class=\"elementor-column elementor-col-100 elementor-top-column elementor-element elementor-element-1ff1f9a9\" data-id=\"1ff1f9a9\" data-element_type=\"column\" data-e-type=\"column\">\n\t\t\t<div class=\"elementor-widget-wrap elementor-element-populated\">\n\t\t\t\t\t\t<div class=\"elementor-element elementor-element-7c816c58 elementor-widget elementor-widget-text-editor\" data-id=\"7c816c58\" data-element_type=\"widget\" data-e-type=\"widget\" data-widget_type=\"text-editor.default\">\n\t\t\t\t<div class=\"elementor-widget-container\">\n\t\t\t\t\t\t\t\t\t<p><\/p>\n<p>Bones!&nbsp;<\/p>\n<p>Em dic Hern\u00e1n, s\u00f3c de Sabadell de tota la vida i tinc 25 anys. He estat uns anys estudiant fora a Fran\u00e7a, Alemanya i Su\u00efssa i fa pocs mesos vaig tornar a casa per preparar un viatge d&#8217;un any en bicicleta cap a l&#8217;\u00c0sia. Aquesta idea va n\u00e9ixer gr\u00e0cies a l&#8217;\u00c0lex, un molt bon amic tamb\u00e9 de Sabadell que em va proposar ja far\u00e0 uns anys emprendre un viatge cap a orient per tal de con\u00e8ixer altres cultures i formes de vida i construir ponts entre elles. Jo sempre havia volgut con\u00e9ixer els pa\u00efsos que conformen la ruta de la seda, en especial Turquia, l&#8217;Iran, l&#8217;Uzbekistan o el Kirguistan entre d&#8217;altres, per\u00f2 no se m&#8217;havia acudit fer-ho en bicicleta i quan m&#8217;ho va comentar se&#8217;m va obrir un nou m\u00f3n i vaig decidir que ho faria! La idea era fer-lo plegats comen\u00e7ant a principis del 2023, per\u00f2 per una s\u00e8rie de motius no ha estat possible. Tot i aix\u00ed, em faria molta ilusi\u00f3 si l&#8217;\u00c0lex es pogu\u00e9s unir en algun moment del viatge o compartir alguns quil\u00f2metres plegats com ja vam fer per Su\u00efssa durant uns dies. Respecte al viatge, l&#8217;\u00fanica condici\u00f3 que ens vam posar va ser que el nostre mitj\u00e0 de transport seria una bicicleta i el nostre combustible les nostres cames. I segueix igual la cosa. Tinc intenci\u00f3 de fer tot el que pugui en bicicleta i fer veure que \u00e9s un mitj\u00e0 de transport perfectament v\u00e0lid per viatjar i que et permet connectar molt m\u00e9s amb la gent i l&#8217;entorn dels llocs per on passes.<\/p>\n<p><\/p>\n<p>Em mouen les lleng\u00fces, l&#8217;antropologia i la m\u00fasica i m&#8217;apassiona la geografia i la gastronomia, aix\u00ed que aquest projecte \u00e9s una forma d&#8217;unir tots aquests mons en un mateix projecte personal que d&#8217;entrada faig per a mi per\u00f2 que tamb\u00e9 vull compartir de forma altruista amb aquelles persones que puguin estar interessades. Per aix\u00f2 va sorgir tamb\u00e9 l&#8217;idea del blog. D&#8217;una banda, vull fugir de l&#8217;immediatesa de les xarxes socials, en especial Instagram, i d&#8217;haver de compartir coses regularment. Tamb\u00e9 he descartat YouTube per les mateixes raons i perqu\u00e8 suposa molta feina i haver de carregar amb molts m\u00e9s aparells electr\u00f2nics dels que realment necessito. D&#8217;altra banda, m&#8217;encanta seure i escriure el que penso i sobre com em sento, sobretot si disposo de temps i no tinc altres obligacions. Per aix\u00f2 vaig decidir que el que tenia m\u00e9s sentit per a mi era escriure un blog on poder plasmar les meves viv\u00e8ncies i emocions d&#8217;una forma m\u00e9s detallada i estructurada. Per tal de poder compartir les meves reflexions sobre el que vaig vivint sense la pressi\u00f3 de les xarxes socials.<\/p>\n<p><\/p>\n<p>Tamb\u00e9 vaig decidir el blog perqu\u00e8 m&#8217;agradaria continuar teixint xarxa a d&#8217;altres racons del m\u00f3n com les Am\u00e8riques o fins i tot l&#8217;\u00c0frica, ja sigui en bicicleta o per altres mitjans. Per\u00f2 ho considero un projecte obert i de vida que ja veurem com va cristal.litzant. Per ara, tinc moltes ganes de comen\u00e7ar aquesta aventura i cal dir que tenir alguns referents ha fet les coses m\u00e9s f\u00e0cils per tal de poder concebre un projecte com aquest. \u00c9s cert que avui en dia qualsevol persona pot veure un v\u00eddeo a YouTube o una pel.l\u00edcula a Netflix sobre algun viatger en bicicleta (probablement alemany) i que li serveixi com a motivaci\u00f3. Per\u00f2 \u00e9s ben cert que les nostres realitats son ben diferents i que tenir algun referent m\u00e9s proper i amb el que poder sentir-te m\u00e9s identificat ajuda encara m\u00e9s. I \u00e9s per aix\u00f2 que el cas d&#8217;en Raimon va tenir una import\u00e0ncia tan gran al principi. Ell ha voltat per tot el m\u00f3n i \u00e9s una persona propera que ho comparteix de forma desinteressada al seu web <a href=\"https:\/\/www.bicicletaimanta.cat\/\">bicicletaimanta.cat<\/a> que us recomano encaridament. Posteriorment, altres viatgers m&#8217;han seguit inspirant en la mateixa direcci\u00f3 i en l&#8217;apartat <a href=\"https:\/\/bicixarxa.org\/?page_id=331&amp;lang=ca\">Altres Webs<\/a> ho explico amb m\u00e9s detall per aquells que vulguin tenir alguna refer\u00e8ncia m\u00e9s. Animeu-vos sense por a fer realitat els projectes que us inspiren i motiven, que nom\u00e9s tenim una vida i cal gaudir-la i aprofitar-la al m\u00e0xim!<\/p>\n<p>Res m\u00e9s, donar les gr\u00e0cies a tothom qui m&#8217;ha donat suport i s&#8217;ha interessat pel viatge, especialment als meus pares, amics i a l&#8217;Ari. Gr\u00e0cies per estar sempre a prop meu i animant-me per seguir endavant!<\/p>\n<p><\/p>\t\t\t\t\t\t\t\t<\/div>\n\t\t\t\t<\/div>\n\t\t\t\t\t<\/div>\n\t\t<\/div>\n\t\t\t\t\t<\/div>\n\t\t<\/section>\n\t\t\t\t<\/div>\n\t\t","protected":false},"excerpt":{"rendered":"<p>Bones!&nbsp; Em dic Hern\u00e1n, s\u00f3c de Sabadell de tota la vida i tinc 25 anys. He estat uns anys estudiant fora a Fran\u00e7a, Alemanya i Su\u00efssa i fa pocs mesos vaig tornar a casa per preparar un viatge d&#8217;un any en bicicleta cap a l&#8217;\u00c0sia. Aquesta idea va n\u00e9ixer gr\u00e0cies a l&#8217;\u00c0lex, un molt bon &hellip;<\/p>\n","protected":false},"author":1,"featured_media":0,"parent":0,"menu_order":0,"comment_status":"closed","ping_status":"closed","template":"","meta":{"footnotes":""},"class_list":["post-86","page","type-page","status-publish","hentry","entry entry-center"],"aioseo_notices":[],"_links":{"self":[{"href":"https:\/\/bicixarxa.org\/index.php?rest_route=\/wp\/v2\/pages\/86","targetHints":{"allow":["GET"]}}],"collection":[{"href":"https:\/\/bicixarxa.org\/index.php?rest_route=\/wp\/v2\/pages"}],"about":[{"href":"https:\/\/bicixarxa.org\/index.php?rest_route=\/wp\/v2\/types\/page"}],"author":[{"embeddable":true,"href":"https:\/\/bicixarxa.org\/index.php?rest_route=\/wp\/v2\/users\/1"}],"replies":[{"embeddable":true,"href":"https:\/\/bicixarxa.org\/index.php?rest_route=%2Fwp%2Fv2%2Fcomments&post=86"}],"version-history":[{"count":141,"href":"https:\/\/bicixarxa.org\/index.php?rest_route=\/wp\/v2\/pages\/86\/revisions"}],"predecessor-version":[{"id":1015,"href":"https:\/\/bicixarxa.org\/index.php?rest_route=\/wp\/v2\/pages\/86\/revisions\/1015"}],"wp:attachment":[{"href":"https:\/\/bicixarxa.org\/index.php?rest_route=%2Fwp%2Fv2%2Fmedia&parent=86"}],"curies":[{"name":"wp","href":"https:\/\/api.w.org\/{rel}","templated":true}]}}