{"id":928,"date":"2022-12-18T00:36:10","date_gmt":"2022-12-18T00:36:10","guid":{"rendered":"https:\/\/bicixarxa.org\/?page_id=928"},"modified":"2023-04-19T08:20:50","modified_gmt":"2023-04-19T08:20:50","slug":"mapa-del-viatge-cap-a-lorient-llunya","status":"publish","type":"page","link":"https:\/\/bicixarxa.org\/?page_id=928&lang=ca","title":{"rendered":"Mapa del viatge cap a l&#8217;orient lluny\u00e0"},"content":{"rendered":"\t\t<div data-elementor-type=\"wp-page\" data-elementor-id=\"928\" class=\"elementor elementor-928\">\n\t\t\t\t\t\t<section class=\"elementor-section elementor-top-section elementor-element elementor-element-5a6392b elementor-section-boxed elementor-section-height-default elementor-section-height-default\" data-id=\"5a6392b\" data-element_type=\"section\" data-e-type=\"section\">\n\t\t\t\t\t\t<div class=\"elementor-container elementor-column-gap-default\">\n\t\t\t\t\t<div class=\"elementor-column elementor-col-100 elementor-top-column elementor-element elementor-element-69d6dec\" data-id=\"69d6dec\" data-element_type=\"column\" data-e-type=\"column\">\n\t\t\t<div class=\"elementor-widget-wrap elementor-element-populated\">\n\t\t\t\t\t\t<div class=\"elementor-element elementor-element-21152d1 elementor-widget elementor-widget-text-editor\" data-id=\"21152d1\" data-element_type=\"widget\" data-e-type=\"widget\" data-widget_type=\"text-editor.default\">\n\t\t\t\t<div class=\"elementor-widget-container\">\n\t\t\t\t\t\t\t\t\t<p>A continuaci\u00f3 us deixo la ruta que estic fent cap a l&#8217;orient lluny\u00e0 i que anir\u00e9 actualitzant a mesura que vagi avan\u00e7ant.<\/p><p>Blau = Bicicleta, Violeta = Tren, Vermell = Bus, Taronja = Senderisme<\/p><p><iframe src=\"\/\/umap.openstreetmap.fr\/es\/map\/hacia-oriente_891229?scaleControl=false&amp;miniMap=false&amp;scrollWheelZoom=false&amp;zoomControl=true&amp;allowEdit=false&amp;moreControl=true&amp;searchControl=null&amp;tilelayersControl=null&amp;embedControl=null&amp;datalayersControl=true&amp;onLoadPanel=undefined&amp;captionBar=false&amp;datalayers=2707242%2C2707247%2C2716543%2C2749704%2C2749705#6\/43.515\/26.420\" width=\"100%\" height=\"500px\" frameborder=\"0\" allowfullscreen=\"allowfullscreen\"><\/iframe><\/p><p><a href=\"\/\/umap.openstreetmap.fr\/es\/map\/hacia-oriente_891229\">Ver pantalla completa<\/a><\/p>\t\t\t\t\t\t\t\t<\/div>\n\t\t\t\t<\/div>\n\t\t\t\t\t<\/div>\n\t\t<\/div>\n\t\t\t\t\t<\/div>\n\t\t<\/section>\n\t\t\t\t<\/div>\n\t\t","protected":false},"excerpt":{"rendered":"<p>A continuaci\u00f3 us deixo la ruta que estic fent cap a l&#8217;orient lluny\u00e0 i que anir\u00e9 actualitzant a mesura que vagi avan\u00e7ant. Blau = Bicicleta, Violeta = Tren, Vermell = Bus, Taronja = Senderisme Ver pantalla completa<\/p>\n","protected":false},"author":1,"featured_media":0,"parent":0,"menu_order":0,"comment_status":"closed","ping_status":"closed","template":"","meta":{"footnotes":""},"class_list":["post-928","page","type-page","status-publish","hentry","entry entry-center"],"aioseo_notices":[],"_links":{"self":[{"href":"https:\/\/bicixarxa.org\/index.php?rest_route=\/wp\/v2\/pages\/928","targetHints":{"allow":["GET"]}}],"collection":[{"href":"https:\/\/bicixarxa.org\/index.php?rest_route=\/wp\/v2\/pages"}],"about":[{"href":"https:\/\/bicixarxa.org\/index.php?rest_route=\/wp\/v2\/types\/page"}],"author":[{"embeddable":true,"href":"https:\/\/bicixarxa.org\/index.php?rest_route=\/wp\/v2\/users\/1"}],"replies":[{"embeddable":true,"href":"https:\/\/bicixarxa.org\/index.php?rest_route=%2Fwp%2Fv2%2Fcomments&post=928"}],"version-history":[{"count":77,"href":"https:\/\/bicixarxa.org\/index.php?rest_route=\/wp\/v2\/pages\/928\/revisions"}],"predecessor-version":[{"id":6254,"href":"https:\/\/bicixarxa.org\/index.php?rest_route=\/wp\/v2\/pages\/928\/revisions\/6254"}],"wp:attachment":[{"href":"https:\/\/bicixarxa.org\/index.php?rest_route=%2Fwp%2Fv2%2Fmedia&parent=928"}],"curies":[{"name":"wp","href":"https:\/\/api.w.org\/{rel}","templated":true}]}}